{"id":2430,"date":"2018-10-05T16:32:27","date_gmt":"2018-10-05T14:32:27","guid":{"rendered":"http:\/\/www.hoerhof.de\/2019\/?page_id=2430"},"modified":"2025-11-13T21:41:18","modified_gmt":"2025-11-13T20:41:18","slug":"events-idstein","status":"publish","type":"page","link":"https:\/\/www.hoerhof.de\/start\/events-idstein\/","title":{"rendered":"H\u00f6erhof Events"},"content":{"rendered":"<section class=\"wpb-content-wrapper\"><p>[vc_row full_width=&#8221;stretch_row_content_no_spaces&#8221;][vc_column width=&#8221;1\/6&#8243;][\/vc_column][vc_column width=&#8221;5\/6&#8243;]<img decoding=\"async\"  id=\"start-img\" class=\"img-responsive  \" src=\"https:\/\/www.hoerhof.de\/start\/wp-content\/uploads\/2021\/03\/Kulturbonon.jpg\" alt=\"\">[\/vc_column][\/vc_row][vc_row css=&#8221;.vc_custom_1542540223597{margin-top: -35px !important;}&#8221;][vc_column css=&#8221;.vc_custom_1538474433609{margin-top: -10px !important;margin-bottom: 0px !important;}&#8221;][vc_row_inner][vc_column_inner width=&#8221;1\/2&#8243; css=&#8221;.vc_custom_1538474405016{padding-top: 0px !important;padding-right: 0px !important;padding-bottom: 0px !important;padding-left: 15px !important;}&#8221;]<link href='http:\/\/fonts.googleapis.com\/css?family=Ubuntu:400' rel='stylesheet' type='text\/css'><div  class=\"special-text\" style=\" font-family:Ubuntu, san-serif; font-size:55px; font-weight:400; line-height:1; text-align:left; color:#001d2d; margin-top:100px;\"><p class=\"p1\"><strong><span class=\"s1\">H\u00d6ERHOF <\/span><span class=\"s1\">EVENTS<\/span><\/strong><\/p>\n<\/div>[\/vc_column_inner][vc_column_inner width=&#8221;1\/2&#8243;][\/vc_column_inner][\/vc_row_inner]<div class=\"text-block \" ><div class=\"simple-text \"><h2><span style=\"font-family: 'book antiqua', palatino, serif; font-size: 18pt;\">Kulinarische Events, Brunchs und Genussabende: Die <strong data-start=\"1144\" data-end=\"1162\">H\u00d6ERHOF Events<\/strong> bringen feine K\u00fcche, Geschichte und Atmosph\u00e4re zusammen. W\u00e4hlen Sie Ihr Lieblings-Event und reservieren Sie bequem Ihren Platz \u2013 wir k\u00fcmmern uns um den Rest.<\/span><\/h2>\n<\/div><\/div>[\/vc_column][\/vc_row][vc_row css=&#8221;.vc_custom_1538058623081{padding-top: 150px !important;padding-bottom: 150px !important;}&#8221;][vc_column]<link href='http:\/\/fonts.googleapis.com\/css?family=Playfair+Display:300' rel='stylesheet' type='text\/css'><h4  class=\"special-text\" style=\" font-family:Playfair Display, san-serif; font-size:16px; font-weight:300; line-height:1.7em; color:#9a8a61; text-transform:uppercase; letter-spacing:6px;\"><p class=\"p1\"><span class=\"s1\">Besondere Veranstaltung<\/span><\/p>\n<\/h4>[vc_empty_space height=&#8221;25px&#8221;][vc_basic_grid post_type=&#8221;tribe_events&#8221; max_items=&#8221;1&#8243; element_width=&#8221;12&#8243; gap=&#8221;0&#8243; item=&#8221;1608&#8243; initial_loading_animation=&#8221;none&#8221; grid_id=&#8221;vc_gid:1763065840039-ba463391ae122ca2f3b02d19ed831beb-7&#8243; taxonomies=&#8221;24&#8243; el_id=&#8221;event_special&#8221;]<link href='http:\/\/fonts.googleapis.com\/css?family=Playfair+Display:300' rel='stylesheet' type='text\/css'><h4  class=\"special-text\" style=\" font-family:Playfair Display, san-serif; font-size:16px; font-weight:300; line-height:1.7em; color:#9a8a61; text-transform:uppercase; letter-spacing:6px;\"><p class=\"p1\"><span class=\"s1\">Die n\u00e4chsten Veranstaltungen<\/span><\/p>\n<\/h4>[vc_empty_space height=&#8221;25px&#8221;][vc_masonry_grid post_type=&#8221;tribe_events&#8221; max_items=&#8221;-1&#8243; style=&#8221;lazy&#8221; items_per_page=&#8221;3&#8243; orderby=&#8221;meta_value&#8221; order=&#8221;ASC&#8221; item=&#8221;1626&#8243; grid_id=&#8221;vc_gid:1763065840061-56ea7a61ba5223a1585c4bbc6d9f6f33-4&#8243; el_id=&#8221;events&#8221; taxonomies=&#8221;19, 24&#8243; meta_key=&#8221;_EventStartDateUTC&#8221;][vc_empty_space height=&#8221;25px&#8221;][\/vc_column][vc_column][\/vc_column][vc_column][\/vc_column][\/vc_row][vc_row][vc_column]<div class=\"text-block \" ><div class=\"simple-text \"><p>[tribe_events view=&#8221;list&#8221; tribe-bar=&#8221;false&#8221; category=&#8221;events, eventspecial&#8221; events_per_page=&#8221;9&#8243;]<\/p>\n<\/div><\/div>[\/vc_column][\/vc_row][vc_row][vc_column]<div class=\"text-block \" ><div class=\"simple-text \"><p>I am text block. Click edit button to change this text.<\/p>\n<\/div><\/div>[\/vc_column][\/vc_row][vc_row][vc_column]<div class=\"text-block \" ><div class=\"simple-text \"><p>Kulinarische Events, saisonale Men\u00fcs, Brunchs und Genussabende: Die <strong data-start=\"1144\" data-end=\"1162\">H\u00d6ERHOF Events<\/strong> bringen feine K\u00fcche, Geschichte und Atmosph\u00e4re zusammen. W\u00e4hlen Sie Ihr Lieblings-Event und reservieren Sie bequem Ihren Platz \u2013 wir k\u00fcmmern uns um den Rest<\/p>\n<\/div><\/div>[\/vc_column][\/vc_row]<\/p>\n<\/section>","protected":false},"excerpt":{"rendered":"<p>[vc_row full_width=&#8221;stretch_row_content_no_spaces&#8221;][vc_column width=&#8221;1\/6&#8243;][\/vc_column][vc_column width=&#8221;5\/6&#8243;][\/vc_column][\/vc_row][vc_row css=&#8221;.vc_custom_1542540223597{margin-top: -35px !important;}&#8221;][vc_column css=&#8221;.vc_custom_1538474433609{margin-top: -10px !important;margin-bottom: 0px !important;}&#8221;][vc_row_inner][vc_column_inner width=&#8221;1\/2&#8243; css=&#8221;.vc_custom_1538474405016{padding-top: 0px !important;padding-right: 0px !important;padding-bottom: 0px !important;padding-left: 15px !important;}&#8221;][\/vc_column_inner][vc_column_inner width=&#8221;1\/2&#8243;][\/vc_column_inner][\/vc_row_inner][\/vc_column][\/vc_row][vc_row css=&#8221;.vc_custom_1538058623081{padding-top: 150px !important;padding-bottom: 150px !important;}&#8221;][vc_column][vc_empty_space height=&#8221;25px&#8221;][vc_basic_grid post_type=&#8221;tribe_events&#8221; [&hellip;]<\/p>\n","protected":false},"author":2,"featured_media":0,"parent":0,"menu_order":0,"comment_status":"closed","ping_status":"closed","template":"","meta":{"_price":"","_stock":"","_tribe_ticket_header":"","_tribe_default_ticket_provider":"","_tribe_ticket_capacity":"0","_ticket_start_date":"","_ticket_end_date":"","_tribe_ticket_show_description":"","_tribe_ticket_show_not_going":false,"_tribe_ticket_use_global_stock":"","_tribe_ticket_global_stock_level":"","_global_stock_mode":"","_global_stock_cap":"","_tribe_rsvp_for_event":"","_tribe_ticket_going_count":"","_tribe_ticket_not_going_count":"","_tribe_tickets_list":"[]","_tribe_ticket_has_attendee_info_fields":false,"footnotes":"","_tec_slr_enabled":"","_tec_slr_layout":"","_links_to":"","_links_to_target":""},"class_list":["post-2430","page","type-page","status-publish","hentry"],"yoast_head":"<!-- This site is optimized with the Yoast SEO plugin v27.4 - https:\/\/yoast.com\/product\/yoast-seo-wordpress\/ -->\n<title>H\u00d6ERHOF Events Idstein: Kulinarische Veranstaltungen genie\u00dfen<\/title>\n<meta name=\"description\" content=\"Kulinarische Events im H\u00d6ERHOF Idstein: Adventsbrunch, Magic Dinner, Krimi Dinner und saisonale Veranstaltungen im historischen Anwesen.\" \/>\n<meta name=\"robots\" content=\"index, follow, max-snippet:-1, max-image-preview:large, max-video-preview:-1\" \/>\n<link rel=\"canonical\" href=\"https:\/\/www.hoerhof.de\/start\/events-idstein\/\" \/>\n<meta property=\"og:locale\" content=\"de_DE\" \/>\n<meta property=\"og:type\" content=\"article\" \/>\n<meta property=\"og:title\" content=\"H\u00d6ERHOF Events Idstein: Kulinarische Veranstaltungen genie\u00dfen\" \/>\n<meta property=\"og:description\" content=\"Kulinarische Events im H\u00d6ERHOF Idstein: Adventsbrunch, Magic Dinner, Krimi Dinner und saisonale Veranstaltungen im historischen Anwesen.\" \/>\n<meta property=\"og:url\" content=\"https:\/\/www.hoerhof.de\/start\/events-idstein\/\" \/>\n<meta property=\"og:site_name\" content=\"Restaurant ****Hotel H\u00d6ERHOF in Idstein bei Frankfurt\" \/>\n<meta property=\"article:modified_time\" content=\"2025-11-13T20:41:18+00:00\" \/>\n<meta name=\"twitter:label1\" content=\"Gesch\u00e4tzte Lesezeit\" \/>\n\t<meta name=\"twitter:data1\" content=\"1\u00a0Minute\" \/>\n<script type=\"application\/ld+json\" class=\"yoast-schema-graph\">{\"@context\":\"https:\\\/\\\/schema.org\",\"@graph\":[{\"@type\":\"WebPage\",\"@id\":\"https:\\\/\\\/www.hoerhof.de\\\/start\\\/events-idstein\\\/\",\"url\":\"https:\\\/\\\/www.hoerhof.de\\\/start\\\/events-idstein\\\/\",\"name\":\"H\u00d6ERHOF Events Idstein: Kulinarische Veranstaltungen genie\u00dfen\",\"isPartOf\":{\"@id\":\"https:\\\/\\\/www.hoerhof.de\\\/start\\\/#website\"},\"datePublished\":\"2018-10-05T14:32:27+00:00\",\"dateModified\":\"2025-11-13T20:41:18+00:00\",\"description\":\"Kulinarische Events im H\u00d6ERHOF Idstein: Adventsbrunch, Magic Dinner, Krimi Dinner und saisonale Veranstaltungen im historischen Anwesen.\",\"breadcrumb\":{\"@id\":\"https:\\\/\\\/www.hoerhof.de\\\/start\\\/events-idstein\\\/#breadcrumb\"},\"inLanguage\":\"de\",\"potentialAction\":[{\"@type\":\"ReadAction\",\"target\":[\"https:\\\/\\\/www.hoerhof.de\\\/start\\\/events-idstein\\\/\"]}]},{\"@type\":\"BreadcrumbList\",\"@id\":\"https:\\\/\\\/www.hoerhof.de\\\/start\\\/events-idstein\\\/#breadcrumb\",\"itemListElement\":[{\"@type\":\"ListItem\",\"position\":1,\"name\":\"Startseite\",\"item\":\"https:\\\/\\\/www.hoerhof.de\\\/start\\\/\"},{\"@type\":\"ListItem\",\"position\":2,\"name\":\"H\u00f6erhof Events\"}]},{\"@type\":\"WebSite\",\"@id\":\"https:\\\/\\\/www.hoerhof.de\\\/start\\\/#website\",\"url\":\"https:\\\/\\\/www.hoerhof.de\\\/start\\\/\",\"name\":\"Restaurant ****Hotel H\u00d6ERHOF in Idstein bei Frankfurt\",\"description\":\"Speisen und Schlafen vom Feinsten\",\"potentialAction\":[{\"@type\":\"SearchAction\",\"target\":{\"@type\":\"EntryPoint\",\"urlTemplate\":\"https:\\\/\\\/www.hoerhof.de\\\/start\\\/?s={search_term_string}\"},\"query-input\":{\"@type\":\"PropertyValueSpecification\",\"valueRequired\":true,\"valueName\":\"search_term_string\"}}],\"inLanguage\":\"de\"}]}<\/script>\n<!-- \/ Yoast SEO plugin. -->","yoast_head_json":{"title":"H\u00d6ERHOF Events Idstein: Kulinarische Veranstaltungen genie\u00dfen","description":"Kulinarische Events im H\u00d6ERHOF Idstein: Adventsbrunch, Magic Dinner, Krimi Dinner und saisonale Veranstaltungen im historischen Anwesen.","robots":{"index":"index","follow":"follow","max-snippet":"max-snippet:-1","max-image-preview":"max-image-preview:large","max-video-preview":"max-video-preview:-1"},"canonical":"https:\/\/www.hoerhof.de\/start\/events-idstein\/","og_locale":"de_DE","og_type":"article","og_title":"H\u00d6ERHOF Events Idstein: Kulinarische Veranstaltungen genie\u00dfen","og_description":"Kulinarische Events im H\u00d6ERHOF Idstein: Adventsbrunch, Magic Dinner, Krimi Dinner und saisonale Veranstaltungen im historischen Anwesen.","og_url":"https:\/\/www.hoerhof.de\/start\/events-idstein\/","og_site_name":"Restaurant ****Hotel H\u00d6ERHOF in Idstein bei Frankfurt","article_modified_time":"2025-11-13T20:41:18+00:00","twitter_misc":{"Gesch\u00e4tzte Lesezeit":"1\u00a0Minute"},"schema":{"@context":"https:\/\/schema.org","@graph":[{"@type":"WebPage","@id":"https:\/\/www.hoerhof.de\/start\/events-idstein\/","url":"https:\/\/www.hoerhof.de\/start\/events-idstein\/","name":"H\u00d6ERHOF Events Idstein: Kulinarische Veranstaltungen genie\u00dfen","isPartOf":{"@id":"https:\/\/www.hoerhof.de\/start\/#website"},"datePublished":"2018-10-05T14:32:27+00:00","dateModified":"2025-11-13T20:41:18+00:00","description":"Kulinarische Events im H\u00d6ERHOF Idstein: Adventsbrunch, Magic Dinner, Krimi Dinner und saisonale Veranstaltungen im historischen Anwesen.","breadcrumb":{"@id":"https:\/\/www.hoerhof.de\/start\/events-idstein\/#breadcrumb"},"inLanguage":"de","potentialAction":[{"@type":"ReadAction","target":["https:\/\/www.hoerhof.de\/start\/events-idstein\/"]}]},{"@type":"BreadcrumbList","@id":"https:\/\/www.hoerhof.de\/start\/events-idstein\/#breadcrumb","itemListElement":[{"@type":"ListItem","position":1,"name":"Startseite","item":"https:\/\/www.hoerhof.de\/start\/"},{"@type":"ListItem","position":2,"name":"H\u00f6erhof Events"}]},{"@type":"WebSite","@id":"https:\/\/www.hoerhof.de\/start\/#website","url":"https:\/\/www.hoerhof.de\/start\/","name":"Restaurant ****Hotel H\u00d6ERHOF in Idstein bei Frankfurt","description":"Speisen und Schlafen vom Feinsten","potentialAction":[{"@type":"SearchAction","target":{"@type":"EntryPoint","urlTemplate":"https:\/\/www.hoerhof.de\/start\/?s={search_term_string}"},"query-input":{"@type":"PropertyValueSpecification","valueRequired":true,"valueName":"search_term_string"}}],"inLanguage":"de"}]}},"ticketed":false,"_links":{"self":[{"href":"https:\/\/www.hoerhof.de\/start\/wp-json\/wp\/v2\/pages\/2430","targetHints":{"allow":["GET"]}}],"collection":[{"href":"https:\/\/www.hoerhof.de\/start\/wp-json\/wp\/v2\/pages"}],"about":[{"href":"https:\/\/www.hoerhof.de\/start\/wp-json\/wp\/v2\/types\/page"}],"author":[{"embeddable":true,"href":"https:\/\/www.hoerhof.de\/start\/wp-json\/wp\/v2\/users\/2"}],"replies":[{"embeddable":true,"href":"https:\/\/www.hoerhof.de\/start\/wp-json\/wp\/v2\/comments?post=2430"}],"version-history":[{"count":20,"href":"https:\/\/www.hoerhof.de\/start\/wp-json\/wp\/v2\/pages\/2430\/revisions"}],"predecessor-version":[{"id":9298,"href":"https:\/\/www.hoerhof.de\/start\/wp-json\/wp\/v2\/pages\/2430\/revisions\/9298"}],"wp:attachment":[{"href":"https:\/\/www.hoerhof.de\/start\/wp-json\/wp\/v2\/media?parent=2430"}],"curies":[{"name":"wp","href":"https:\/\/api.w.org\/{rel}","templated":true}]}}