{"id":3525,"date":"2018-10-16T15:56:38","date_gmt":"2018-10-16T13:56:38","guid":{"rendered":"http:\/\/www.hoerhof.de\/2019\/?page_id=3525"},"modified":"2026-02-20T16:51:46","modified_gmt":"2026-02-20T15:51:46","slug":"agb","status":"publish","type":"page","link":"https:\/\/www.hoerhof.de\/start\/agb\/","title":{"rendered":"AGB"},"content":{"rendered":"<section class=\"wpb-content-wrapper\"><p>[vc_row full_width=&#8221;stretch_row_content_no_spaces&#8221;][vc_column width=&#8221;1\/6&#8243;][\/vc_column][vc_column width=&#8221;5\/6&#8243;]<img decoding=\"async\"  id=\"start-img\" class=\"img-responsive  \" src=\"https:\/\/www.hoerhof.de\/start\/wp-content\/uploads\/2018\/10\/idstein-header.jpg\" alt=\"\">[\/vc_column][\/vc_row][vc_row][vc_column css=&#8221;.vc_custom_1538474433609{margin-top: -10px !important;margin-bottom: 0px !important;}&#8221;][vc_row_inner][vc_column_inner width=&#8221;1\/2&#8243; css=&#8221;.vc_custom_1538474405016{padding-top: 0px !important;padding-right: 0px !important;padding-bottom: 0px !important;padding-left: 15px !important;}&#8221;]<link href='http:\/\/fonts.googleapis.com\/css?family=Ubuntu:400' rel='stylesheet' type='text\/css'><div  class=\"special-text\" style=\" font-family:Ubuntu, san-serif; font-size:80px; font-weight:400; text-align:left; color:#162c41; margin-top:100px;\"><p class=\"p1\"><span class=\"s1\">AGB<\/span><\/p>\n<\/div>[\/vc_column_inner][vc_column_inner width=&#8221;1\/2&#8243;][\/vc_column_inner][\/vc_row_inner][\/vc_column][\/vc_row][vc_row css=&#8221;.vc_custom_1539088921735{padding-top: 150px !important;padding-bottom: 150px !important;}&#8221;][vc_column css=&#8221;.vc_custom_1537887176394{padding-right: 100px !important;}&#8221;][vc_row_inner][vc_column_inner]<link href='http:\/\/fonts.googleapis.com\/css?family=Playfair+Display:300' rel='stylesheet' type='text\/css'><h4  class=\"special-text\" style=\" font-family:Playfair Display, san-serif; font-size:16px; font-weight:300; line-height:1.7em; color:#9a8a61; text-transform:uppercase; letter-spacing:6px;\"><p class=\"p1\">Allgemeine Gesch\u00e4ftsbedingugen<\/p>\n<\/h4>[vc_empty_space height=&#8221;40&#8243;]<div class=\"text-block \" ><div class=\"simple-text \"><p>Hier haben Sie die M\u00f6glichkeit, unsere Allgemeinen Gesch\u00e4ftsbedingungen als PDF herunterzuladen und auszudrucken:<\/p>\n<\/div><\/div>[vc_empty_space height=&#8221;100&#8243;][\/vc_column_inner][\/vc_row_inner][vc_row_inner][vc_column_inner width=&#8221;1\/6&#8243;][vc_single_image image=&#8221;2831&#8243; img_size=&#8221;full&#8221;][\/vc_column_inner][vc_column_inner width=&#8221;5\/6&#8243;]<div  class=\"special-text\" style=\" font-weight:300; text-align:left; text-transform:uppercase;30\"><p class=\"p1\"><strong>AGB Restaurant****Hotel H\u00d6ERHOF<\/strong><\/p>\n<\/div><link href='http:\/\/fonts.googleapis.com\/css?family=Ubuntu:700' rel='stylesheet' type='text\/css'><div  class=\"special-text\" style=\" font-family:Ubuntu, san-serif; font-size:12px; font-weight:700; text-align:left; color:#9a8a61; text-transform:uppercase; letter-spacing:1px; margin-top:25px;\"><p><a href=\"https:\/\/www.hoerhof.de\/start\/wp-content\/uploads\/2026\/02\/agb-hotel-restaurant-hoerhof.pdf\" target=\"_blank\" rel=\"noopener\">Herunterladen<i class=\"vc_btn3-icon fa fa-arrow-right\" style=\"font-weight: normal !important; font-size: 8px !important; margin-left: 10px; top: -2px; position: relative;\"><\/i><\/a><\/p>\n<\/div>[\/vc_column_inner][\/vc_row_inner][vc_separator][\/vc_column][\/vc_row]<\/p>\n<\/section>","protected":false},"excerpt":{"rendered":"<p>[vc_row full_width=&#8221;stretch_row_content_no_spaces&#8221;][vc_column width=&#8221;1\/6&#8243;][\/vc_column][vc_column width=&#8221;5\/6&#8243;][\/vc_column][\/vc_row][vc_row][vc_column css=&#8221;.vc_custom_1538474433609{margin-top: -10px !important;margin-bottom: 0px !important;}&#8221;][vc_row_inner][vc_column_inner width=&#8221;1\/2&#8243; css=&#8221;.vc_custom_1538474405016{padding-top: 0px !important;padding-right: 0px !important;padding-bottom: 0px !important;padding-left: 15px !important;}&#8221;][\/vc_column_inner][vc_column_inner width=&#8221;1\/2&#8243;][\/vc_column_inner][\/vc_row_inner][\/vc_column][\/vc_row][vc_row css=&#8221;.vc_custom_1539088921735{padding-top: 150px !important;padding-bottom: 150px !important;}&#8221;][vc_column css=&#8221;.vc_custom_1537887176394{padding-right: 100px !important;}&#8221;][vc_row_inner][vc_column_inner][vc_empty_space height=&#8221;40&#8243;][vc_empty_space height=&#8221;100&#8243;][\/vc_column_inner][\/vc_row_inner][vc_row_inner][vc_column_inner [&hellip;]<\/p>\n","protected":false},"author":2,"featured_media":0,"parent":0,"menu_order":0,"comment_status":"closed","ping_status":"closed","template":"","meta":{"_price":"","_stock":"","_tribe_ticket_header":"","_tribe_default_ticket_provider":"","_tribe_ticket_capacity":"0","_ticket_start_date":"","_ticket_end_date":"","_tribe_ticket_show_description":"","_tribe_ticket_show_not_going":false,"_tribe_ticket_use_global_stock":"","_tribe_ticket_global_stock_level":"","_global_stock_mode":"","_global_stock_cap":"","_tribe_rsvp_for_event":"","_tribe_ticket_going_count":"","_tribe_ticket_not_going_count":"","_tribe_tickets_list":"[]","_tribe_ticket_has_attendee_info_fields":false,"footnotes":"","_tec_slr_enabled":"","_tec_slr_layout":"","_links_to":"","_links_to_target":""},"class_list":["post-3525","page","type-page","status-publish","hentry"],"yoast_head":"<!-- This site is optimized with the Yoast SEO plugin v27.5 - https:\/\/yoast.com\/product\/yoast-seo-wordpress\/ -->\n<title>Allgemeine Gesch\u00e4ftsbedingungen vom H\u00d6ERHOF in Idstein bei Frankfurt<\/title>\n<meta name=\"description\" content=\"Auch ein Spitzenhotel kommt um die allgemeinen Gesch\u00e4ftsbedingungen nicht herum. HIer finden Sie alles zu unseren Allgemeinen Gesch\u00e4ftsbedingungen.\" \/>\n<meta name=\"robots\" content=\"index, follow, max-snippet:-1, max-image-preview:large, max-video-preview:-1\" \/>\n<link rel=\"canonical\" href=\"https:\/\/www.hoerhof.de\/start\/agb\/\" \/>\n<meta property=\"og:locale\" content=\"de_DE\" \/>\n<meta property=\"og:type\" content=\"article\" \/>\n<meta property=\"og:title\" content=\"Allgemeine Gesch\u00e4ftsbedingungen vom H\u00d6ERHOF in Idstein bei Frankfurt\" \/>\n<meta property=\"og:description\" content=\"Auch ein Spitzenhotel kommt um die allgemeinen Gesch\u00e4ftsbedingungen nicht herum. HIer finden Sie alles zu unseren Allgemeinen Gesch\u00e4ftsbedingungen.\" \/>\n<meta property=\"og:url\" content=\"https:\/\/www.hoerhof.de\/start\/agb\/\" \/>\n<meta property=\"og:site_name\" content=\"Restaurant ****Hotel H\u00d6ERHOF in Idstein bei Frankfurt\" \/>\n<meta property=\"article:modified_time\" content=\"2026-02-20T15:51:46+00:00\" \/>\n<meta name=\"twitter:label1\" content=\"Gesch\u00e4tzte Lesezeit\" \/>\n\t<meta name=\"twitter:data1\" content=\"1\u00a0Minute\" \/>\n<script type=\"application\/ld+json\" class=\"yoast-schema-graph\">{\"@context\":\"https:\\\/\\\/schema.org\",\"@graph\":[{\"@type\":\"WebPage\",\"@id\":\"https:\\\/\\\/www.hoerhof.de\\\/start\\\/agb\\\/\",\"url\":\"https:\\\/\\\/www.hoerhof.de\\\/start\\\/agb\\\/\",\"name\":\"Allgemeine Gesch\u00e4ftsbedingungen vom H\u00d6ERHOF in Idstein bei Frankfurt\",\"isPartOf\":{\"@id\":\"https:\\\/\\\/www.hoerhof.de\\\/start\\\/#website\"},\"datePublished\":\"2018-10-16T13:56:38+00:00\",\"dateModified\":\"2026-02-20T15:51:46+00:00\",\"description\":\"Auch ein Spitzenhotel kommt um die allgemeinen Gesch\u00e4ftsbedingungen nicht herum. HIer finden Sie alles zu unseren Allgemeinen Gesch\u00e4ftsbedingungen.\",\"breadcrumb\":{\"@id\":\"https:\\\/\\\/www.hoerhof.de\\\/start\\\/agb\\\/#breadcrumb\"},\"inLanguage\":\"de\",\"potentialAction\":[{\"@type\":\"ReadAction\",\"target\":[\"https:\\\/\\\/www.hoerhof.de\\\/start\\\/agb\\\/\"]}]},{\"@type\":\"BreadcrumbList\",\"@id\":\"https:\\\/\\\/www.hoerhof.de\\\/start\\\/agb\\\/#breadcrumb\",\"itemListElement\":[{\"@type\":\"ListItem\",\"position\":1,\"name\":\"Startseite\",\"item\":\"https:\\\/\\\/www.hoerhof.de\\\/start\\\/\"},{\"@type\":\"ListItem\",\"position\":2,\"name\":\"AGB\"}]},{\"@type\":\"WebSite\",\"@id\":\"https:\\\/\\\/www.hoerhof.de\\\/start\\\/#website\",\"url\":\"https:\\\/\\\/www.hoerhof.de\\\/start\\\/\",\"name\":\"Restaurant ****Hotel H\u00d6ERHOF in Idstein bei Frankfurt\",\"description\":\"Speisen und Schlafen vom Feinsten\",\"potentialAction\":[{\"@type\":\"SearchAction\",\"target\":{\"@type\":\"EntryPoint\",\"urlTemplate\":\"https:\\\/\\\/www.hoerhof.de\\\/start\\\/?s={search_term_string}\"},\"query-input\":{\"@type\":\"PropertyValueSpecification\",\"valueRequired\":true,\"valueName\":\"search_term_string\"}}],\"inLanguage\":\"de\"}]}<\/script>\n<!-- \/ Yoast SEO plugin. -->","yoast_head_json":{"title":"Allgemeine Gesch\u00e4ftsbedingungen vom H\u00d6ERHOF in Idstein bei Frankfurt","description":"Auch ein Spitzenhotel kommt um die allgemeinen Gesch\u00e4ftsbedingungen nicht herum. HIer finden Sie alles zu unseren Allgemeinen Gesch\u00e4ftsbedingungen.","robots":{"index":"index","follow":"follow","max-snippet":"max-snippet:-1","max-image-preview":"max-image-preview:large","max-video-preview":"max-video-preview:-1"},"canonical":"https:\/\/www.hoerhof.de\/start\/agb\/","og_locale":"de_DE","og_type":"article","og_title":"Allgemeine Gesch\u00e4ftsbedingungen vom H\u00d6ERHOF in Idstein bei Frankfurt","og_description":"Auch ein Spitzenhotel kommt um die allgemeinen Gesch\u00e4ftsbedingungen nicht herum. HIer finden Sie alles zu unseren Allgemeinen Gesch\u00e4ftsbedingungen.","og_url":"https:\/\/www.hoerhof.de\/start\/agb\/","og_site_name":"Restaurant ****Hotel H\u00d6ERHOF in Idstein bei Frankfurt","article_modified_time":"2026-02-20T15:51:46+00:00","twitter_misc":{"Gesch\u00e4tzte Lesezeit":"1\u00a0Minute"},"schema":{"@context":"https:\/\/schema.org","@graph":[{"@type":"WebPage","@id":"https:\/\/www.hoerhof.de\/start\/agb\/","url":"https:\/\/www.hoerhof.de\/start\/agb\/","name":"Allgemeine Gesch\u00e4ftsbedingungen vom H\u00d6ERHOF in Idstein bei Frankfurt","isPartOf":{"@id":"https:\/\/www.hoerhof.de\/start\/#website"},"datePublished":"2018-10-16T13:56:38+00:00","dateModified":"2026-02-20T15:51:46+00:00","description":"Auch ein Spitzenhotel kommt um die allgemeinen Gesch\u00e4ftsbedingungen nicht herum. HIer finden Sie alles zu unseren Allgemeinen Gesch\u00e4ftsbedingungen.","breadcrumb":{"@id":"https:\/\/www.hoerhof.de\/start\/agb\/#breadcrumb"},"inLanguage":"de","potentialAction":[{"@type":"ReadAction","target":["https:\/\/www.hoerhof.de\/start\/agb\/"]}]},{"@type":"BreadcrumbList","@id":"https:\/\/www.hoerhof.de\/start\/agb\/#breadcrumb","itemListElement":[{"@type":"ListItem","position":1,"name":"Startseite","item":"https:\/\/www.hoerhof.de\/start\/"},{"@type":"ListItem","position":2,"name":"AGB"}]},{"@type":"WebSite","@id":"https:\/\/www.hoerhof.de\/start\/#website","url":"https:\/\/www.hoerhof.de\/start\/","name":"Restaurant ****Hotel H\u00d6ERHOF in Idstein bei Frankfurt","description":"Speisen und Schlafen vom Feinsten","potentialAction":[{"@type":"SearchAction","target":{"@type":"EntryPoint","urlTemplate":"https:\/\/www.hoerhof.de\/start\/?s={search_term_string}"},"query-input":{"@type":"PropertyValueSpecification","valueRequired":true,"valueName":"search_term_string"}}],"inLanguage":"de"}]}},"ticketed":false,"_links":{"self":[{"href":"https:\/\/www.hoerhof.de\/start\/wp-json\/wp\/v2\/pages\/3525","targetHints":{"allow":["GET"]}}],"collection":[{"href":"https:\/\/www.hoerhof.de\/start\/wp-json\/wp\/v2\/pages"}],"about":[{"href":"https:\/\/www.hoerhof.de\/start\/wp-json\/wp\/v2\/types\/page"}],"author":[{"embeddable":true,"href":"https:\/\/www.hoerhof.de\/start\/wp-json\/wp\/v2\/users\/2"}],"replies":[{"embeddable":true,"href":"https:\/\/www.hoerhof.de\/start\/wp-json\/wp\/v2\/comments?post=3525"}],"version-history":[{"count":7,"href":"https:\/\/www.hoerhof.de\/start\/wp-json\/wp\/v2\/pages\/3525\/revisions"}],"predecessor-version":[{"id":9584,"href":"https:\/\/www.hoerhof.de\/start\/wp-json\/wp\/v2\/pages\/3525\/revisions\/9584"}],"wp:attachment":[{"href":"https:\/\/www.hoerhof.de\/start\/wp-json\/wp\/v2\/media?parent=3525"}],"curies":[{"name":"wp","href":"https:\/\/api.w.org\/{rel}","templated":true}]}}