{"id":3538,"date":"2018-10-16T16:40:38","date_gmt":"2018-10-16T14:40:38","guid":{"rendered":"http:\/\/www.hoerhof.de\/2019\/?page_id=3538"},"modified":"2025-12-02T23:27:21","modified_gmt":"2025-12-02T22:27:21","slug":"gutscheine-hoerhof","status":"publish","type":"page","link":"https:\/\/www.hoerhof.de\/start\/gutscheine-hoerhof\/","title":{"rendered":"Gutscheine"},"content":{"rendered":"<section class=\"wpb-content-wrapper\"><p>[vc_row][vc_column][\/vc_column][\/vc_row][vc_row full_width=&#8221;stretch_row_content_no_spaces&#8221;][vc_column width=&#8221;1\/6&#8243;][\/vc_column][vc_column width=&#8221;5\/6&#8243;]<img decoding=\"async\"  id=\"start-img\" class=\"img-responsive  \" src=\"https:\/\/www.hoerhof.de\/start\/wp-content\/uploads\/2018\/10\/geschichte-header.jpg\" alt=\"\">[\/vc_column][\/vc_row][vc_row][vc_column css=&#8221;.vc_custom_1538474433609{margin-top: -10px !important;margin-bottom: 0px !important;}&#8221;][vc_row_inner][vc_column_inner width=&#8221;1\/2&#8243; css=&#8221;.vc_custom_1538474405016{padding-top: 0px !important;padding-right: 0px !important;padding-bottom: 0px !important;padding-left: 15px !important;}&#8221;]<link href='http:\/\/fonts.googleapis.com\/css?family=Ubuntu:400' rel='stylesheet' type='text\/css'><h1  class=\"special-text\" style=\" font-family:Ubuntu, san-serif; font-size:30px; font-weight:400; text-align:left; color:#11263d; margin-top:100px;\"><p class=\"p1\"><span class=\"s1\"><strong><span style=\"font-size: 36pt;\">GUTSCHEINE<\/span><\/strong><br \/>\nFreude verschenken im H\u00d6ERHOF<\/span><\/p>\n<\/h1>[\/vc_column_inner][vc_column_inner width=&#8221;1\/2&#8243;][\/vc_column_inner][\/vc_row_inner][\/vc_column][\/vc_row][vc_row css=&#8221;.vc_custom_1539001023969{padding-top: 150px !important;}&#8221;][vc_column width=&#8221;1\/12&#8243; css=&#8221;.vc_custom_1537887176394{padding-right: 100px !important;}&#8221;][\/vc_column][vc_column width=&#8221;10\/12&#8243;]<link href='http:\/\/fonts.googleapis.com\/css?family=Playfair+Display:300' rel='stylesheet' type='text\/css'><h2  class=\"special-text\" style=\" font-family:Playfair Display, san-serif; font-size:16px; font-weight:300; line-height:1.7em; color:#9a8a61; text-transform:uppercase; letter-spacing:6px;\"><p><strong>Gutscheine verschenken<\/strong><\/p>\n<\/h2><link href='http:\/\/fonts.googleapis.com\/css?family=Playfair+Display:300' rel='stylesheet' type='text\/css'><div  class=\"special-text\" style=\" font-family:Playfair Display, san-serif; font-size:16px; font-weight:300; line-height:1.7em; color:#000000; letter-spacing:0px;\"><p><span style=\"font-family: georgia, palatino, serif;\">Ein Gutschein vom H\u00d6ERHOF ist ideal f\u00fcr Geburtstag, Jubil\u00e4um, Weihnachten oder einfach als liebevolle \u00dcberraschung zwischendurch. Die H\u00f6he des Betrags bestimmen Sie selbst \u2013 so bleibt alles flexibel. Unsere stilvollen Gutscheine k\u00f6nnen f\u00fcr Restaurantbesuche, Hotel\u00fcbernachtungen oder Veranstaltungen eingel\u00f6st werden. Damit schenken Sie Erlebnisse, die man nicht vergisst.<\/span><\/p>\n<\/div>[vc_empty_space height=&#8221;40px&#8221;][vc_separator][vc_empty_space height=&#8221;40px&#8221;][vc_raw_html]JTVCZ2lmdHVwJTVE[\/vc_raw_html][vc_empty_space height=&#8221;150px&#8221;][\/vc_column][vc_column width=&#8221;1\/12&#8243;][\/vc_column][\/vc_row]<\/p>\n<\/section>","protected":false},"excerpt":{"rendered":"<p>[vc_row][vc_column][\/vc_column][\/vc_row][vc_row full_width=&#8221;stretch_row_content_no_spaces&#8221;][vc_column width=&#8221;1\/6&#8243;][\/vc_column][vc_column width=&#8221;5\/6&#8243;][\/vc_column][\/vc_row][vc_row][vc_column css=&#8221;.vc_custom_1538474433609{margin-top: -10px !important;margin-bottom: 0px !important;}&#8221;][vc_row_inner][vc_column_inner width=&#8221;1\/2&#8243; css=&#8221;.vc_custom_1538474405016{padding-top: 0px !important;padding-right: 0px !important;padding-bottom: 0px !important;padding-left: 15px !important;}&#8221;][\/vc_column_inner][vc_column_inner width=&#8221;1\/2&#8243;][\/vc_column_inner][\/vc_row_inner][\/vc_column][\/vc_row][vc_row css=&#8221;.vc_custom_1539001023969{padding-top: 150px !important;}&#8221;][vc_column width=&#8221;1\/12&#8243; css=&#8221;.vc_custom_1537887176394{padding-right: 100px !important;}&#8221;][\/vc_column][vc_column width=&#8221;10\/12&#8243;][vc_empty_space height=&#8221;40px&#8221;][vc_separator][vc_empty_space height=&#8221;40px&#8221;][vc_raw_html]JTVCZ2lmdHVwJTVE[\/vc_raw_html][vc_empty_space [&hellip;]<\/p>\n","protected":false},"author":2,"featured_media":0,"parent":0,"menu_order":0,"comment_status":"closed","ping_status":"closed","template":"","meta":{"_price":"","_stock":"","_tribe_ticket_header":"","_tribe_default_ticket_provider":"","_tribe_ticket_capacity":"0","_ticket_start_date":"","_ticket_end_date":"","_tribe_ticket_show_description":"","_tribe_ticket_show_not_going":false,"_tribe_ticket_use_global_stock":"","_tribe_ticket_global_stock_level":"","_global_stock_mode":"","_global_stock_cap":"","_tribe_rsvp_for_event":"","_tribe_ticket_going_count":"","_tribe_ticket_not_going_count":"","_tribe_tickets_list":"[]","_tribe_ticket_has_attendee_info_fields":false,"footnotes":"","_tec_slr_enabled":"","_tec_slr_layout":"","_links_to":"","_links_to_target":""},"class_list":["post-3538","page","type-page","status-publish","hentry"],"yoast_head":"<!-- This site is optimized with the Yoast SEO plugin v27.4 - https:\/\/yoast.com\/product\/yoast-seo-wordpress\/ -->\n<title>Gutscheine vom H\u00d6ERHOF verschenken f\u00fcr jeden Anlass.<\/title>\n<meta name=\"description\" content=\"F\u00fcr besondere Momente: Gutscheine f\u00fcr Restaurant, Hotel &amp; Veranstaltungen im H\u00d6ERHOF. Flexibel einl\u00f6sbar, sofort verf\u00fcgbar. Online.\" \/>\n<meta name=\"robots\" content=\"index, follow, max-snippet:-1, max-image-preview:large, max-video-preview:-1\" \/>\n<link rel=\"canonical\" href=\"https:\/\/www.hoerhof.de\/start\/gutscheine-hoerhof\/\" \/>\n<meta property=\"og:locale\" content=\"de_DE\" \/>\n<meta property=\"og:type\" content=\"article\" \/>\n<meta property=\"og:title\" content=\"Gutscheine vom H\u00d6ERHOF verschenken f\u00fcr jeden Anlass.\" \/>\n<meta property=\"og:description\" content=\"F\u00fcr besondere Momente: Gutscheine f\u00fcr Restaurant, Hotel &amp; Veranstaltungen im H\u00d6ERHOF. Flexibel einl\u00f6sbar, sofort verf\u00fcgbar. Online.\" \/>\n<meta property=\"og:url\" content=\"https:\/\/www.hoerhof.de\/start\/gutscheine-hoerhof\/\" \/>\n<meta property=\"og:site_name\" content=\"Restaurant ****Hotel H\u00d6ERHOF in Idstein bei Frankfurt\" \/>\n<meta property=\"article:modified_time\" content=\"2025-12-02T22:27:21+00:00\" \/>\n<meta name=\"twitter:label1\" content=\"Gesch\u00e4tzte Lesezeit\" \/>\n\t<meta name=\"twitter:data1\" content=\"1\u00a0Minute\" \/>\n<script type=\"application\/ld+json\" class=\"yoast-schema-graph\">{\"@context\":\"https:\\\/\\\/schema.org\",\"@graph\":[{\"@type\":\"WebPage\",\"@id\":\"https:\\\/\\\/www.hoerhof.de\\\/start\\\/gutscheine-hoerhof\\\/\",\"url\":\"https:\\\/\\\/www.hoerhof.de\\\/start\\\/gutscheine-hoerhof\\\/\",\"name\":\"Gutscheine vom H\u00d6ERHOF verschenken f\u00fcr jeden Anlass.\",\"isPartOf\":{\"@id\":\"https:\\\/\\\/www.hoerhof.de\\\/start\\\/#website\"},\"datePublished\":\"2018-10-16T14:40:38+00:00\",\"dateModified\":\"2025-12-02T22:27:21+00:00\",\"description\":\"F\u00fcr besondere Momente: Gutscheine f\u00fcr Restaurant, Hotel & Veranstaltungen im H\u00d6ERHOF. Flexibel einl\u00f6sbar, sofort verf\u00fcgbar. Online.\",\"breadcrumb\":{\"@id\":\"https:\\\/\\\/www.hoerhof.de\\\/start\\\/gutscheine-hoerhof\\\/#breadcrumb\"},\"inLanguage\":\"de\",\"potentialAction\":[{\"@type\":\"ReadAction\",\"target\":[\"https:\\\/\\\/www.hoerhof.de\\\/start\\\/gutscheine-hoerhof\\\/\"]}]},{\"@type\":\"BreadcrumbList\",\"@id\":\"https:\\\/\\\/www.hoerhof.de\\\/start\\\/gutscheine-hoerhof\\\/#breadcrumb\",\"itemListElement\":[{\"@type\":\"ListItem\",\"position\":1,\"name\":\"Startseite\",\"item\":\"https:\\\/\\\/www.hoerhof.de\\\/start\\\/\"},{\"@type\":\"ListItem\",\"position\":2,\"name\":\"Gutscheine\"}]},{\"@type\":\"WebSite\",\"@id\":\"https:\\\/\\\/www.hoerhof.de\\\/start\\\/#website\",\"url\":\"https:\\\/\\\/www.hoerhof.de\\\/start\\\/\",\"name\":\"Restaurant ****Hotel H\u00d6ERHOF in Idstein bei Frankfurt\",\"description\":\"Speisen und Schlafen vom Feinsten\",\"potentialAction\":[{\"@type\":\"SearchAction\",\"target\":{\"@type\":\"EntryPoint\",\"urlTemplate\":\"https:\\\/\\\/www.hoerhof.de\\\/start\\\/?s={search_term_string}\"},\"query-input\":{\"@type\":\"PropertyValueSpecification\",\"valueRequired\":true,\"valueName\":\"search_term_string\"}}],\"inLanguage\":\"de\"}]}<\/script>\n<!-- \/ Yoast SEO plugin. -->","yoast_head_json":{"title":"Gutscheine vom H\u00d6ERHOF verschenken f\u00fcr jeden Anlass.","description":"F\u00fcr besondere Momente: Gutscheine f\u00fcr Restaurant, Hotel & Veranstaltungen im H\u00d6ERHOF. Flexibel einl\u00f6sbar, sofort verf\u00fcgbar. Online.","robots":{"index":"index","follow":"follow","max-snippet":"max-snippet:-1","max-image-preview":"max-image-preview:large","max-video-preview":"max-video-preview:-1"},"canonical":"https:\/\/www.hoerhof.de\/start\/gutscheine-hoerhof\/","og_locale":"de_DE","og_type":"article","og_title":"Gutscheine vom H\u00d6ERHOF verschenken f\u00fcr jeden Anlass.","og_description":"F\u00fcr besondere Momente: Gutscheine f\u00fcr Restaurant, Hotel & Veranstaltungen im H\u00d6ERHOF. Flexibel einl\u00f6sbar, sofort verf\u00fcgbar. Online.","og_url":"https:\/\/www.hoerhof.de\/start\/gutscheine-hoerhof\/","og_site_name":"Restaurant ****Hotel H\u00d6ERHOF in Idstein bei Frankfurt","article_modified_time":"2025-12-02T22:27:21+00:00","twitter_misc":{"Gesch\u00e4tzte Lesezeit":"1\u00a0Minute"},"schema":{"@context":"https:\/\/schema.org","@graph":[{"@type":"WebPage","@id":"https:\/\/www.hoerhof.de\/start\/gutscheine-hoerhof\/","url":"https:\/\/www.hoerhof.de\/start\/gutscheine-hoerhof\/","name":"Gutscheine vom H\u00d6ERHOF verschenken f\u00fcr jeden Anlass.","isPartOf":{"@id":"https:\/\/www.hoerhof.de\/start\/#website"},"datePublished":"2018-10-16T14:40:38+00:00","dateModified":"2025-12-02T22:27:21+00:00","description":"F\u00fcr besondere Momente: Gutscheine f\u00fcr Restaurant, Hotel & Veranstaltungen im H\u00d6ERHOF. Flexibel einl\u00f6sbar, sofort verf\u00fcgbar. Online.","breadcrumb":{"@id":"https:\/\/www.hoerhof.de\/start\/gutscheine-hoerhof\/#breadcrumb"},"inLanguage":"de","potentialAction":[{"@type":"ReadAction","target":["https:\/\/www.hoerhof.de\/start\/gutscheine-hoerhof\/"]}]},{"@type":"BreadcrumbList","@id":"https:\/\/www.hoerhof.de\/start\/gutscheine-hoerhof\/#breadcrumb","itemListElement":[{"@type":"ListItem","position":1,"name":"Startseite","item":"https:\/\/www.hoerhof.de\/start\/"},{"@type":"ListItem","position":2,"name":"Gutscheine"}]},{"@type":"WebSite","@id":"https:\/\/www.hoerhof.de\/start\/#website","url":"https:\/\/www.hoerhof.de\/start\/","name":"Restaurant ****Hotel H\u00d6ERHOF in Idstein bei Frankfurt","description":"Speisen und Schlafen vom Feinsten","potentialAction":[{"@type":"SearchAction","target":{"@type":"EntryPoint","urlTemplate":"https:\/\/www.hoerhof.de\/start\/?s={search_term_string}"},"query-input":{"@type":"PropertyValueSpecification","valueRequired":true,"valueName":"search_term_string"}}],"inLanguage":"de"}]}},"ticketed":false,"_links":{"self":[{"href":"https:\/\/www.hoerhof.de\/start\/wp-json\/wp\/v2\/pages\/3538","targetHints":{"allow":["GET"]}}],"collection":[{"href":"https:\/\/www.hoerhof.de\/start\/wp-json\/wp\/v2\/pages"}],"about":[{"href":"https:\/\/www.hoerhof.de\/start\/wp-json\/wp\/v2\/types\/page"}],"author":[{"embeddable":true,"href":"https:\/\/www.hoerhof.de\/start\/wp-json\/wp\/v2\/users\/2"}],"replies":[{"embeddable":true,"href":"https:\/\/www.hoerhof.de\/start\/wp-json\/wp\/v2\/comments?post=3538"}],"version-history":[{"count":10,"href":"https:\/\/www.hoerhof.de\/start\/wp-json\/wp\/v2\/pages\/3538\/revisions"}],"predecessor-version":[{"id":9446,"href":"https:\/\/www.hoerhof.de\/start\/wp-json\/wp\/v2\/pages\/3538\/revisions\/9446"}],"wp:attachment":[{"href":"https:\/\/www.hoerhof.de\/start\/wp-json\/wp\/v2\/media?parent=3538"}],"curies":[{"name":"wp","href":"https:\/\/api.w.org\/{rel}","templated":true}]}}