{"id":4484,"date":"2019-01-29T18:22:18","date_gmt":"2019-01-29T17:22:18","guid":{"rendered":"http:\/\/www.hoerhof.de\/2019\/?page_id=4484"},"modified":"2023-06-04T20:37:57","modified_gmt":"2023-06-04T18:37:57","slug":"buffet","status":"publish","type":"page","link":"https:\/\/www.hoerhof.de\/start\/restaurant-idstein\/buffet\/","title":{"rendered":"Buffet"},"content":{"rendered":"<section class=\"wpb-content-wrapper\"><p>[vc_row full_width=&#8221;stretch_row_content_no_spaces&#8221;][vc_column width=&#8221;1\/6&#8243;][\/vc_column][vc_column width=&#8221;5\/6&#8243;]<img decoding=\"async\"  id=\"start-img\" class=\"img-responsive  \" src=\"https:\/\/www.hoerhof.de\/start\/wp-content\/uploads\/2018\/11\/FINGER.jpg\" alt=\"\">[\/vc_column][\/vc_row][vc_row equal_height=&#8221;yes&#8221;][vc_column css=&#8221;.vc_custom_1539002523590{margin-top: -45px !important;margin-bottom: 0px !important;}&#8221;][vc_row_inner][vc_column_inner width=&#8221;1\/2&#8243;]<link href='http:\/\/fonts.googleapis.com\/css?family=Ubuntu:400' rel='stylesheet' type='text\/css'><div  class=\"special-text\" style=\" font-family:Ubuntu, san-serif; font-size:80px; font-weight:400; line-height:1; text-align:left; color:#162c41; margin-top:100px;\"><p class=\"p1\">BUFFET<\/p>\n<\/div>[\/vc_column_inner][vc_column_inner width=&#8221;1\/2&#8243;][\/vc_column_inner][\/vc_row_inner][\/vc_column][\/vc_row][vc_row css=&#8221;.vc_custom_1539078750683{margin-top: 150px !important;padding-top: 0px !important;padding-bottom: 100px !important;}&#8221;][vc_column css=&#8221;.vc_custom_1537887176394{padding-right: 100px !important;}&#8221;]<link href='http:\/\/fonts.googleapis.com\/css?family=Playfair+Display:400' rel='stylesheet' type='text\/css'><h4  class=\"special-text\" style=\" font-family:Playfair Display, san-serif; font-size:16px; font-weight:400; line-height:1.7em; color:#9a8a61; text-transform:uppercase; letter-spacing:6px;\"><p class=\"p1\"><span class=\"s1\">3 Pakete f\u00fcr Ihren Anlass<\/span><\/p>\n<\/h4>[vc_empty_space][vc_separator][vc_row_inner][vc_column_inner width=&#8221;2\/3&#8243;]<link href='http:\/\/fonts.googleapis.com\/css?family=Ubuntu:400' rel='stylesheet' type='text\/css'><h4  class=\"special-text\" style=\" font-family:Ubuntu, san-serif; font-size:14px; font-weight:400; line-height:2.2em; text-align:left; color:#11263d; margin-top:10px;\"><p>Unser Angebot an Buffets erfolgt nicht in fertig geschn\u00fcrten Paketen. Je nach Saison stellen wir Ihnen alles individuell zusammen. Dabei werden all Ihre W\u00fcnsche ber\u00fccksichtigt.<\/p>\n<p>Hier haben wir ein Beispiel wie ihr Buffet aussehen k\u00f6nnte<\/p>\n<\/h4>[\/vc_column_inner][vc_column_inner width=&#8221;1\/3&#8243;][\/vc_column_inner][\/vc_row_inner][\/vc_column][\/vc_row][vc_row css=&#8221;.vc_custom_1539180978095{padding-top: 50px !important;padding-bottom: 100px !important;}&#8221;][vc_column width=&#8221;1\/2&#8243; css=&#8221;.vc_custom_1537887176394{padding-right: 100px !important;}&#8221;]<link href='http:\/\/fonts.googleapis.com\/css?family=Playfair+Display:300' rel='stylesheet' type='text\/css'><div  class=\"special-text\" style=\" font-family:Playfair Display, san-serif; font-size:16px; font-weight:300; line-height:1.7em; color:#9a8a61; text-transform:uppercase; letter-spacing:6px;\"><p class=\"p1\"><span class=\"s1\">Der Klassiker<br \/>\n<\/span><\/p>\n<\/div><link href='http:\/\/fonts.googleapis.com\/css?family=Ubuntu:400' rel='stylesheet' type='text\/css'><h4  class=\"special-text\" style=\" font-family:Ubuntu, san-serif; font-size:14px; font-weight:400; line-height:2.2em; text-align:left; color:#11263d; margin-top:30px;\"><ul>\n<li>Brot aus der Bio B\u00e4ckerei mit Butter<\/li>\n<li>Tatar vom Saibling mit Gurke und Rettich<\/li>\n<li>Rosa Scheiben vom Kalbsr\u00fccken mit Tomate und Kapern<\/li>\n<li>Salat von gegrilltem Gem\u00fcse mit Wilden Kr\u00e4utern<\/li>\n<li>Gebratene Brust von Maishuhn mit glacierten Bandnudeln und Paprika<\/li>\n<li>Filet vom Rotbarsch mit gebackenen jungen Kartoffeln und Wurzelgem\u00fcse<\/li>\n<li>Creme von Schokolade mit eingelegten Sauerkirschen<\/li>\n<li>Mouse von Quark und Zitrone mit ger\u00f6steter Mandel<\/li>\n<\/ul>\n<\/h4>[vc_empty_space height=&#8221;40px&#8221;][vc_row_inner el_class=&#8221;z-2&#8243;][vc_column_inner width=&#8221;2\/3&#8243; css=&#8221;.vc_custom_1542114195660{padding-top: 0px !important;padding-right: 50px !important;padding-bottom: 25px !important;padding-left: 50px !important;background-color: #11263d !important;}&#8221;][vc_empty_space height=&#8221;40px&#8221;]<link href='http:\/\/fonts.googleapis.com\/css?family=Playfair+Display:300' rel='stylesheet' type='text\/css'><h3  class=\"special-text\" style=\" font-family:Playfair Display, san-serif; font-size:16px; font-weight:300; line-height:10px; text-align:left; color:#ffffff; text-transform:uppercase; letter-spacing:2px;\"><p class=\"p1\"><span class=\"s1\">Der Klassiker<\/span><\/p>\n<\/h3><link href='http:\/\/fonts.googleapis.com\/css?family=Playfair+Display:700' rel='stylesheet' type='text\/css'><h3  class=\"special-text\" style=\" font-family:Playfair Display, san-serif; font-size:24px; font-weight:700; line-height:10px; text-align:left; color:#ffffff; text-transform:uppercase; letter-spacing:2px;\"><p class=\"p1\"><span style=\"color: #5b6a79;\"><small>Preis richtet sich nach einer Personenzahl von 15 Personen inkl. der MwSt. von 7 %.<br \/>\n<\/small><\/span><\/p>\n<\/h3><div  class=\"special-text\" style=\" font-size:24px; font-weight:700; line-height:54px; text-align:left; color:#ffffff; text-transform:uppercase; letter-spacing:2px;\"><p class=\"p1\"><span class=\"s1\">888,00 \u20ac<br \/>\n<\/span><\/p>\n<\/div>[\/vc_column_inner][vc_column_inner width=&#8221;1\/3&#8243;][\/vc_column_inner][\/vc_row_inner][vc_row_inner][vc_column_inner width=&#8221;2\/3&#8243;][vc_btn title=&#8221;Klassiker anfragen&#8221; shape=&#8221;square&#8221; color=&#8221;white&#8221; align=&#8221;right&#8221; i_align=&#8221;right&#8221; i_icon_fontawesome=&#8221;&#8221; add_icon=&#8221;true&#8221; el_class=&#8221;cta-hoer-button z-1&#8243; css=&#8221;.vc_custom_1685903849941{margin-top: -20px !important;}&#8221; link=&#8221;url:mailto%3A%20info%40hoerhof.de&#8221;][\/vc_column_inner][vc_column_inner width=&#8221;1\/3&#8243;][\/vc_column_inner][\/vc_row_inner][\/vc_column][vc_column width=&#8221;1\/2&#8243;]<img decoding=\"async\"  class=\"img-responsive  \" src=\"https:\/\/www.hoerhof.de\/start\/wp-content\/uploads\/2018\/11\/finger01.jpg\" alt=\"\">[\/vc_column][\/vc_row][vc_row][vc_column][vc_separator color=&#8221;custom&#8221; accent_color=&#8221;#ebebeb&#8221;][\/vc_column][\/vc_row][vc_row css=&#8221;.vc_custom_1539180978095{padding-top: 50px !important;padding-bottom: 100px !important;}&#8221;][vc_column width=&#8221;1\/2&#8243; css=&#8221;.vc_custom_1537887176394{padding-right: 100px !important;}&#8221;]<link href='http:\/\/fonts.googleapis.com\/css?family=Playfair+Display:300' rel='stylesheet' type='text\/css'><div  class=\"special-text\" style=\" font-family:Playfair Display, san-serif; font-size:16px; font-weight:300; line-height:1.7em; color:#9a8a61; text-transform:uppercase; letter-spacing:6px;\"><p class=\"p1\"><span class=\"s1\">Taunus<\/span><\/p>\n<\/div><link href='http:\/\/fonts.googleapis.com\/css?family=Ubuntu:400' rel='stylesheet' type='text\/css'><h4  class=\"special-text\" style=\" font-family:Ubuntu, san-serif; font-size:14px; font-weight:400; line-height:2.2em; text-align:left; color:#11263d; margin-top:30px;\"><ul>\n<li>Krustenbrot, Baguette und Butter<\/li>\n<li>Blattsalate mit zweierlei Dressings<\/li>\n<li>Tatar von der Taunusforelle mit Roter Bete und Pumpernickel<\/li>\n<li>Tatar vom Handk\u00e4se mit Blutwurst und Apfel<\/li>\n<li>Eintopf vom Taunushirsch mit Karotte, Sellerie und Kartoffel<\/li>\n<li>Gebratenes Filet vom Zander mit Perlgraupen und Spitzkohl<\/li>\n<li>Mousse von Taunusapfel mit Haselnuss<\/li>\n<li>Creme von Joghurt mit Brombeeren<\/li>\n<\/ul>\n<\/h4>[vc_empty_space height=&#8221;40px&#8221;][vc_row_inner el_class=&#8221;z-2&#8243;][vc_column_inner width=&#8221;2\/3&#8243; css=&#8221;.vc_custom_1542114195660{padding-top: 0px !important;padding-right: 50px !important;padding-bottom: 25px !important;padding-left: 50px !important;background-color: #11263d !important;}&#8221;][vc_empty_space height=&#8221;40px&#8221;]<link href='http:\/\/fonts.googleapis.com\/css?family=Playfair+Display:300' rel='stylesheet' type='text\/css'><div  class=\"special-text\" style=\" font-family:Playfair Display, san-serif; font-size:16px; font-weight:300; line-height:10px; text-align:left; color:#ffffff; text-transform:uppercase; letter-spacing:2px;\"><p class=\"p1\"><span class=\"s1\">Taunus<\/span><\/p>\n<\/div><link href='http:\/\/fonts.googleapis.com\/css?family=Playfair+Display:700' rel='stylesheet' type='text\/css'><h3  class=\"special-text\" style=\" font-family:Playfair Display, san-serif; font-size:24px; font-weight:700; line-height:10px; text-align:left; color:#ffffff; text-transform:uppercase; letter-spacing:2px;\"><p><small>Preis richtet sich nach einer Personenzahl von 15 Personen inkl. der MwSt. von 7 %.<\/small><\/p>\n<\/h3><div  class=\"special-text\" style=\" font-size:24px; font-weight:700; line-height:54px; text-align:left; color:#ffffff; text-transform:uppercase; letter-spacing:2px;\"><p class=\"p1\"><span class=\"s1\">985,00 \u20ac<br \/>\n<\/span><\/p>\n<\/div>[\/vc_column_inner][vc_column_inner width=&#8221;1\/3&#8243;][\/vc_column_inner][\/vc_row_inner][vc_row_inner][vc_column_inner width=&#8221;2\/3&#8243;][vc_btn title=&#8221;Taunus anfragen&#8221; shape=&#8221;square&#8221; color=&#8221;white&#8221; align=&#8221;right&#8221; i_align=&#8221;right&#8221; i_icon_fontawesome=&#8221;&#8221; add_icon=&#8221;true&#8221; el_class=&#8221;cta-hoer-button z-1&#8243; css=&#8221;.vc_custom_1685903861666{margin-top: -20px !important;}&#8221; link=&#8221;url:mailto%3A%20info%40hoerhof.de&#8221;][\/vc_column_inner][vc_column_inner width=&#8221;1\/3&#8243;][\/vc_column_inner][\/vc_row_inner][\/vc_column][vc_column width=&#8221;1\/2&#8243;]<img decoding=\"async\"  class=\"img-responsive  \" src=\"https:\/\/www.hoerhof.de\/start\/wp-content\/uploads\/2018\/11\/finger02-1.jpg\" alt=\"\">[\/vc_column][\/vc_row][vc_row][vc_column][vc_separator color=&#8221;custom&#8221; accent_color=&#8221;#ebebeb&#8221;][\/vc_column][\/vc_row][vc_row css=&#8221;.vc_custom_1539180978095{padding-top: 50px !important;padding-bottom: 100px !important;}&#8221;][vc_column width=&#8221;1\/2&#8243; css=&#8221;.vc_custom_1537887176394{padding-right: 100px !important;}&#8221;]<link href='http:\/\/fonts.googleapis.com\/css?family=Playfair+Display:300' rel='stylesheet' type='text\/css'><div  class=\"special-text\" style=\" font-family:Playfair Display, san-serif; font-size:16px; font-weight:300; line-height:1.7em; color:#9a8a61; text-transform:uppercase; letter-spacing:6px;\"><p class=\"p1\"><span class=\"s1\">Genuss<\/span><\/p>\n<\/div><link href='http:\/\/fonts.googleapis.com\/css?family=Ubuntu:400' rel='stylesheet' type='text\/css'><h4  class=\"special-text\" style=\" font-family:Ubuntu, san-serif; font-size:14px; font-weight:400; line-height:2.2em; text-align:left; color:#11263d; margin-top:30px;\"><ul>\n<li>Krustenbrot, Baguette und Butter<\/li>\n<li>Blattsalate mit zweierlei Dressings<\/li>\n<li>Scheiben vom Lachs mit Belugalinsen und eigenem Kaviar<\/li>\n<li>Salat von B\u00fcffelmozzarella, Basilikum und ger\u00f6steten Pinienkernen<\/li>\n<li>Rosa Scheiben vom Roastbeef mit Avocado und Sesam<\/li>\n<li>Suppe vom Knollensellerie mit Walnuss<\/li>\n<li>Geschmorte Backe vom Weiderind mit Kartoffelgratin und getr\u00fcffeltem Wurzelgem\u00fcse<\/li>\n<li>Gebratenes Filet vom Wolfsbarsch mit Safranreis und glaciertem Spinat<\/li>\n<li>Bandnudeln mit bunten Tomaten, Taggiasca Oliven und Parmesan<\/li>\n<li>Mousse von wei\u00dfer Schokolade mit marinierten Erdbeeren<\/li>\n<li>Creme von Topfen und Zitrone mit Mandel<\/li>\n<li>Gebrannte Creme Fraiche im Weckglas<\/li>\n<\/ul>\n<\/h4>[vc_empty_space height=&#8221;40px&#8221;][vc_row_inner el_class=&#8221;z-2&#8243;][vc_column_inner width=&#8221;2\/3&#8243; css=&#8221;.vc_custom_1542114195660{padding-top: 0px !important;padding-right: 50px !important;padding-bottom: 25px !important;padding-left: 50px !important;background-color: #11263d !important;}&#8221;][vc_empty_space height=&#8221;40px&#8221;]<link href='http:\/\/fonts.googleapis.com\/css?family=Playfair+Display:300' rel='stylesheet' type='text\/css'><h3  class=\"special-text\" style=\" font-family:Playfair Display, san-serif; font-size:16px; font-weight:300; line-height:10px; text-align:left; color:#ffffff; text-transform:uppercase; letter-spacing:2px;\"><p class=\"p1\"><span class=\"s1\">Genuss<\/span><\/p>\n<\/h3><link href='http:\/\/fonts.googleapis.com\/css?family=Playfair+Display:700' rel='stylesheet' type='text\/css'><h3  class=\"special-text\" style=\" font-family:Playfair Display, san-serif; font-size:24px; font-weight:700; line-height:10px; text-align:left; color:#ffffff; text-transform:uppercase; letter-spacing:2px;\"><p><small>Preis richtet sich nach einer Personenzahl von 15 Personen inkl. der MwSt. von 7 %.<\/small><\/p>\n<\/h3><div  class=\"special-text\" style=\" font-size:24px; font-weight:700; line-height:54px; text-align:left; color:#ffffff; text-transform:uppercase; letter-spacing:2px;\"><p class=\"p1\"><span class=\"s1\">1350,00 \u20ac <\/span><\/p>\n<\/div>[\/vc_column_inner][vc_column_inner width=&#8221;1\/3&#8243;][\/vc_column_inner][\/vc_row_inner][vc_row_inner][vc_column_inner width=&#8221;2\/3&#8243;][vc_btn title=&#8221;Genuss anfragen&#8221; shape=&#8221;square&#8221; color=&#8221;white&#8221; align=&#8221;right&#8221; i_align=&#8221;right&#8221; i_icon_fontawesome=&#8221;&#8221; add_icon=&#8221;true&#8221; el_class=&#8221;cta-hoer-button z-1&#8243; css=&#8221;.vc_custom_1685903873469{margin-top: -20px !important;}&#8221; link=&#8221;url:mailto%3A%20info%40hoerhof.de&#8221;][\/vc_column_inner][vc_column_inner width=&#8221;1\/3&#8243;][\/vc_column_inner][\/vc_row_inner][\/vc_column][vc_column width=&#8221;1\/2&#8243;]<img decoding=\"async\"  class=\"img-responsive  \" src=\"https:\/\/www.hoerhof.de\/start\/wp-content\/uploads\/2018\/11\/finger03-1.jpg\" alt=\"\">[\/vc_column][\/vc_row][vc_row css=&#8221;.vc_custom_1542116745072{padding-bottom: 50px !important;}&#8221;][vc_column][vc_separator color=&#8221;custom&#8221; accent_color=&#8221;#ebebeb&#8221;]<link href='http:\/\/fonts.googleapis.com\/css?family=Ubuntu:400' rel='stylesheet' type='text\/css'><h4  class=\"special-text\" style=\" font-family:Ubuntu, san-serif; font-size:14px; font-weight:400; line-height:2.2em; text-align:right; color:rgba(15,35,61,0.51); margin-top:30px;\"><p class=\"p1\" style=\"text-align: left;\"><em><span class=\"s1\">\u00c4nderungen vorbehalten, alle Preise inklusive 7% Mwst<\/span><\/em><\/p>\n<\/h4>[\/vc_column][\/vc_row][vc_row][vc_column][vc_separator color=&#8221;custom&#8221; accent_color=&#8221;#ebebeb&#8221;]<link href='http:\/\/fonts.googleapis.com\/css?family=Ubuntu:400' rel='stylesheet' type='text\/css'><h4  class=\"special-text\" style=\" font-family:Ubuntu, san-serif; font-size:14px; font-weight:400; line-height:2.2em; text-align:left; color:#11263d; margin-top:30px;\"><p class=\"p1\"><span class=\"s1\">Ihre Bestellungen nehmen wir gerne bis 14 <strong>Tage<\/strong> vor Lieferung entgegen<br \/>\nda wir etwas Zeit f\u00fcr den Einkauf und die Zubereitung ben\u00f6tigen.<\/span><\/p>\n<p>&nbsp;<\/p>\n<p class=\"p1\"><span class=\"s1\">Nat\u00fcrlich besteht auch die M\u00f6glichkeit ihr B\u00fcffet pers\u00f6nlich abzusprechen,<br \/>\nhierzu <a href=\"https:\/\/www.hoerhof.de\/2019\/kontakt\/\">kontaktieren<\/a> Sie bitte unserer H\u00d6ERHOF \u2013 Rezeption f\u00fcr individuelle Absprachen.<\/span><\/p>\n<\/h4>[vc_separator color=&#8221;custom&#8221; accent_color=&#8221;#ebebeb&#8221; css=&#8221;.vc_custom_1542116824958{padding-top: 30px !important;}&#8221;][\/vc_column][\/vc_row][vc_row css=&#8221;.vc_custom_1539166708628{padding-bottom: 150px !important;}&#8221;][vc_column][vc_empty_space height=&#8221;40px&#8221;]<link href='http:\/\/fonts.googleapis.com\/css?family=Ubuntu:700' rel='stylesheet' type='text\/css'><div  class=\"special-text\" style=\" font-family:Ubuntu, san-serif; font-size:12px; font-weight:700; text-align:left; color:#9a8a61; text-transform:uppercase; letter-spacing:1px; margin-top:25px;\"><p><a href=\"https:\/\/www.hoerhof.de\/2019\/hochzeiten-familienfeiern\/\"><i class=\"vc_btn3-icon fa fa-arrow-left\" style=\"font-weight: normal !important; font-size: 8px !important; margin-right: 10px; top: -2px; position: relative;\"><\/i>Zur\u00fcck<\/a><\/p>\n<\/div>[\/vc_column][\/vc_row]<\/p>\n<\/section>","protected":false},"excerpt":{"rendered":"<p>[vc_row full_width=&#8221;stretch_row_content_no_spaces&#8221;][vc_column width=&#8221;1\/6&#8243;][\/vc_column][vc_column width=&#8221;5\/6&#8243;][\/vc_column][\/vc_row][vc_row equal_height=&#8221;yes&#8221;][vc_column css=&#8221;.vc_custom_1539002523590{margin-top: -45px !important;margin-bottom: 0px !important;}&#8221;][vc_row_inner][vc_column_inner width=&#8221;1\/2&#8243;][\/vc_column_inner][vc_column_inner width=&#8221;1\/2&#8243;][\/vc_column_inner][\/vc_row_inner][\/vc_column][\/vc_row][vc_row css=&#8221;.vc_custom_1539078750683{margin-top: 150px !important;padding-top: 0px !important;padding-bottom: 100px !important;}&#8221;][vc_column css=&#8221;.vc_custom_1537887176394{padding-right: 100px !important;}&#8221;][vc_empty_space][vc_separator][vc_row_inner][vc_column_inner width=&#8221;2\/3&#8243;][\/vc_column_inner][vc_column_inner width=&#8221;1\/3&#8243;][\/vc_column_inner][\/vc_row_inner][\/vc_column][\/vc_row][vc_row css=&#8221;.vc_custom_1539180978095{padding-top: 50px !important;padding-bottom: 100px !important;}&#8221;][vc_column width=&#8221;1\/2&#8243; [&hellip;]<\/p>\n","protected":false},"author":2,"featured_media":0,"parent":2365,"menu_order":0,"comment_status":"closed","ping_status":"closed","template":"","meta":{"_price":"","_stock":"","_tribe_ticket_header":"","_tribe_default_ticket_provider":"","_tribe_ticket_capacity":"0","_ticket_start_date":"","_ticket_end_date":"","_tribe_ticket_show_description":"","_tribe_ticket_show_not_going":false,"_tribe_ticket_use_global_stock":"","_tribe_ticket_global_stock_level":"","_global_stock_mode":"","_global_stock_cap":"","_tribe_rsvp_for_event":"","_tribe_ticket_going_count":"","_tribe_ticket_not_going_count":"","_tribe_tickets_list":"[]","_tribe_ticket_has_attendee_info_fields":false,"footnotes":"","_tec_slr_enabled":"","_tec_slr_layout":"","_links_to":"","_links_to_target":""},"class_list":["post-4484","page","type-page","status-publish","hentry"],"yoast_head":"<!-- This site is optimized with the Yoast SEO plugin v27.3 - https:\/\/yoast.com\/product\/yoast-seo-wordpress\/ -->\n<title>Buffet - Restaurant ****Hotel H\u00d6ERHOF in Idstein bei Frankfurt<\/title>\n<meta name=\"robots\" content=\"index, follow, max-snippet:-1, max-image-preview:large, max-video-preview:-1\" \/>\n<link rel=\"canonical\" href=\"https:\/\/www.hoerhof.de\/start\/restaurant-idstein\/buffet\/\" \/>\n<meta property=\"og:locale\" content=\"de_DE\" \/>\n<meta property=\"og:type\" content=\"article\" \/>\n<meta property=\"og:title\" content=\"Buffet - Restaurant ****Hotel H\u00d6ERHOF in Idstein bei Frankfurt\" \/>\n<meta property=\"og:description\" content=\"[vc_row full_width=&#8221;stretch_row_content_no_spaces&#8221;][vc_column width=&#8221;1\/6&#8243;][\/vc_column][vc_column width=&#8221;5\/6&#8243;][\/vc_column][\/vc_row][vc_row equal_height=&#8221;yes&#8221;][vc_column css=&#8221;.vc_custom_1539002523590{margin-top: -45px !important;margin-bottom: 0px !important;}&#8221;][vc_row_inner][vc_column_inner width=&#8221;1\/2&#8243;][\/vc_column_inner][vc_column_inner width=&#8221;1\/2&#8243;][\/vc_column_inner][\/vc_row_inner][\/vc_column][\/vc_row][vc_row css=&#8221;.vc_custom_1539078750683{margin-top: 150px !important;padding-top: 0px !important;padding-bottom: 100px !important;}&#8221;][vc_column css=&#8221;.vc_custom_1537887176394{padding-right: 100px !important;}&#8221;][vc_empty_space][vc_separator][vc_row_inner][vc_column_inner width=&#8221;2\/3&#8243;][\/vc_column_inner][vc_column_inner width=&#8221;1\/3&#8243;][\/vc_column_inner][\/vc_row_inner][\/vc_column][\/vc_row][vc_row css=&#8221;.vc_custom_1539180978095{padding-top: 50px !important;padding-bottom: 100px !important;}&#8221;][vc_column width=&#8221;1\/2&#8243; [&hellip;]\" \/>\n<meta property=\"og:url\" content=\"https:\/\/www.hoerhof.de\/start\/restaurant-idstein\/buffet\/\" \/>\n<meta property=\"og:site_name\" content=\"Restaurant ****Hotel H\u00d6ERHOF in Idstein bei Frankfurt\" \/>\n<meta property=\"article:modified_time\" content=\"2023-06-04T18:37:57+00:00\" \/>\n<meta name=\"twitter:label1\" content=\"Gesch\u00e4tzte Lesezeit\" \/>\n\t<meta name=\"twitter:data1\" content=\"4\u00a0Minuten\" \/>\n<script type=\"application\/ld+json\" class=\"yoast-schema-graph\">{\"@context\":\"https:\\\/\\\/schema.org\",\"@graph\":[{\"@type\":\"WebPage\",\"@id\":\"https:\\\/\\\/www.hoerhof.de\\\/start\\\/restaurant-idstein\\\/buffet\\\/\",\"url\":\"https:\\\/\\\/www.hoerhof.de\\\/start\\\/restaurant-idstein\\\/buffet\\\/\",\"name\":\"Buffet - Restaurant ****Hotel H\u00d6ERHOF in Idstein bei Frankfurt\",\"isPartOf\":{\"@id\":\"https:\\\/\\\/www.hoerhof.de\\\/start\\\/#website\"},\"datePublished\":\"2019-01-29T17:22:18+00:00\",\"dateModified\":\"2023-06-04T18:37:57+00:00\",\"breadcrumb\":{\"@id\":\"https:\\\/\\\/www.hoerhof.de\\\/start\\\/restaurant-idstein\\\/buffet\\\/#breadcrumb\"},\"inLanguage\":\"de\",\"potentialAction\":[{\"@type\":\"ReadAction\",\"target\":[\"https:\\\/\\\/www.hoerhof.de\\\/start\\\/restaurant-idstein\\\/buffet\\\/\"]}]},{\"@type\":\"BreadcrumbList\",\"@id\":\"https:\\\/\\\/www.hoerhof.de\\\/start\\\/restaurant-idstein\\\/buffet\\\/#breadcrumb\",\"itemListElement\":[{\"@type\":\"ListItem\",\"position\":1,\"name\":\"Startseite\",\"item\":\"https:\\\/\\\/www.hoerhof.de\\\/start\\\/\"},{\"@type\":\"ListItem\",\"position\":2,\"name\":\"Restaurant &#038; Speisen\",\"item\":\"https:\\\/\\\/www.hoerhof.de\\\/start\\\/restaurant-idstein\\\/\"},{\"@type\":\"ListItem\",\"position\":3,\"name\":\"Buffet\"}]},{\"@type\":\"WebSite\",\"@id\":\"https:\\\/\\\/www.hoerhof.de\\\/start\\\/#website\",\"url\":\"https:\\\/\\\/www.hoerhof.de\\\/start\\\/\",\"name\":\"Restaurant ****Hotel H\u00d6ERHOF in Idstein bei Frankfurt\",\"description\":\"Speisen und Schlafen vom Feinsten\",\"potentialAction\":[{\"@type\":\"SearchAction\",\"target\":{\"@type\":\"EntryPoint\",\"urlTemplate\":\"https:\\\/\\\/www.hoerhof.de\\\/start\\\/?s={search_term_string}\"},\"query-input\":{\"@type\":\"PropertyValueSpecification\",\"valueRequired\":true,\"valueName\":\"search_term_string\"}}],\"inLanguage\":\"de\"}]}<\/script>\n<!-- \/ Yoast SEO plugin. -->","yoast_head_json":{"title":"Buffet - Restaurant ****Hotel H\u00d6ERHOF in Idstein bei Frankfurt","robots":{"index":"index","follow":"follow","max-snippet":"max-snippet:-1","max-image-preview":"max-image-preview:large","max-video-preview":"max-video-preview:-1"},"canonical":"https:\/\/www.hoerhof.de\/start\/restaurant-idstein\/buffet\/","og_locale":"de_DE","og_type":"article","og_title":"Buffet - Restaurant ****Hotel H\u00d6ERHOF in Idstein bei Frankfurt","og_description":"[vc_row full_width=&#8221;stretch_row_content_no_spaces&#8221;][vc_column width=&#8221;1\/6&#8243;][\/vc_column][vc_column width=&#8221;5\/6&#8243;][\/vc_column][\/vc_row][vc_row equal_height=&#8221;yes&#8221;][vc_column css=&#8221;.vc_custom_1539002523590{margin-top: -45px !important;margin-bottom: 0px !important;}&#8221;][vc_row_inner][vc_column_inner width=&#8221;1\/2&#8243;][\/vc_column_inner][vc_column_inner width=&#8221;1\/2&#8243;][\/vc_column_inner][\/vc_row_inner][\/vc_column][\/vc_row][vc_row css=&#8221;.vc_custom_1539078750683{margin-top: 150px !important;padding-top: 0px !important;padding-bottom: 100px !important;}&#8221;][vc_column css=&#8221;.vc_custom_1537887176394{padding-right: 100px !important;}&#8221;][vc_empty_space][vc_separator][vc_row_inner][vc_column_inner width=&#8221;2\/3&#8243;][\/vc_column_inner][vc_column_inner width=&#8221;1\/3&#8243;][\/vc_column_inner][\/vc_row_inner][\/vc_column][\/vc_row][vc_row css=&#8221;.vc_custom_1539180978095{padding-top: 50px !important;padding-bottom: 100px !important;}&#8221;][vc_column width=&#8221;1\/2&#8243; [&hellip;]","og_url":"https:\/\/www.hoerhof.de\/start\/restaurant-idstein\/buffet\/","og_site_name":"Restaurant ****Hotel H\u00d6ERHOF in Idstein bei Frankfurt","article_modified_time":"2023-06-04T18:37:57+00:00","twitter_misc":{"Gesch\u00e4tzte Lesezeit":"4\u00a0Minuten"},"schema":{"@context":"https:\/\/schema.org","@graph":[{"@type":"WebPage","@id":"https:\/\/www.hoerhof.de\/start\/restaurant-idstein\/buffet\/","url":"https:\/\/www.hoerhof.de\/start\/restaurant-idstein\/buffet\/","name":"Buffet - Restaurant ****Hotel H\u00d6ERHOF in Idstein bei Frankfurt","isPartOf":{"@id":"https:\/\/www.hoerhof.de\/start\/#website"},"datePublished":"2019-01-29T17:22:18+00:00","dateModified":"2023-06-04T18:37:57+00:00","breadcrumb":{"@id":"https:\/\/www.hoerhof.de\/start\/restaurant-idstein\/buffet\/#breadcrumb"},"inLanguage":"de","potentialAction":[{"@type":"ReadAction","target":["https:\/\/www.hoerhof.de\/start\/restaurant-idstein\/buffet\/"]}]},{"@type":"BreadcrumbList","@id":"https:\/\/www.hoerhof.de\/start\/restaurant-idstein\/buffet\/#breadcrumb","itemListElement":[{"@type":"ListItem","position":1,"name":"Startseite","item":"https:\/\/www.hoerhof.de\/start\/"},{"@type":"ListItem","position":2,"name":"Restaurant &#038; Speisen","item":"https:\/\/www.hoerhof.de\/start\/restaurant-idstein\/"},{"@type":"ListItem","position":3,"name":"Buffet"}]},{"@type":"WebSite","@id":"https:\/\/www.hoerhof.de\/start\/#website","url":"https:\/\/www.hoerhof.de\/start\/","name":"Restaurant ****Hotel H\u00d6ERHOF in Idstein bei Frankfurt","description":"Speisen und Schlafen vom Feinsten","potentialAction":[{"@type":"SearchAction","target":{"@type":"EntryPoint","urlTemplate":"https:\/\/www.hoerhof.de\/start\/?s={search_term_string}"},"query-input":{"@type":"PropertyValueSpecification","valueRequired":true,"valueName":"search_term_string"}}],"inLanguage":"de"}]}},"ticketed":false,"_links":{"self":[{"href":"https:\/\/www.hoerhof.de\/start\/wp-json\/wp\/v2\/pages\/4484","targetHints":{"allow":["GET"]}}],"collection":[{"href":"https:\/\/www.hoerhof.de\/start\/wp-json\/wp\/v2\/pages"}],"about":[{"href":"https:\/\/www.hoerhof.de\/start\/wp-json\/wp\/v2\/types\/page"}],"author":[{"embeddable":true,"href":"https:\/\/www.hoerhof.de\/start\/wp-json\/wp\/v2\/users\/2"}],"replies":[{"embeddable":true,"href":"https:\/\/www.hoerhof.de\/start\/wp-json\/wp\/v2\/comments?post=4484"}],"version-history":[{"count":9,"href":"https:\/\/www.hoerhof.de\/start\/wp-json\/wp\/v2\/pages\/4484\/revisions"}],"predecessor-version":[{"id":8181,"href":"https:\/\/www.hoerhof.de\/start\/wp-json\/wp\/v2\/pages\/4484\/revisions\/8181"}],"up":[{"embeddable":true,"href":"https:\/\/www.hoerhof.de\/start\/wp-json\/wp\/v2\/pages\/2365"}],"wp:attachment":[{"href":"https:\/\/www.hoerhof.de\/start\/wp-json\/wp\/v2\/media?parent=4484"}],"curies":[{"name":"wp","href":"https:\/\/api.w.org\/{rel}","templated":true}]}}